{"id":18,"date":"2018-02-22T19:14:33","date_gmt":"2018-02-22T18:14:33","guid":{"rendered":"http:\/\/cspro.fr\/?page_id=18"},"modified":"2021-03-17T17:40:50","modified_gmt":"2021-03-17T16:40:50","slug":"accueil","status":"publish","type":"page","link":"https:\/\/cspro.fr\/","title":{"rendered":""},"content":{"rendered":"<h2 style=\"text-align: center;\"><strong>Bienvenue sur le site CS PRO !<\/strong><\/h2>\n<p style=\"text-align: center;\">Vous trouverez ici les solutions \u00e0 vos probl\u00e8mes, vous pouvez soit me contacter et me poser directement votre question, soit demander une intervention \u00e0 distance sur rendez vous, soit demander \u00e0 la communaut\u00e9 de vous aidez en posant une question dans le forum, vous pouvez \u00e9galement, vous servir de la partie cours gratuits !<\/p>\n<h1 style=\"text-align: center;\"><a href=\"http:\/\/cspro.fr\/index.php\/aidez-moi\/\"><em><span style=\"color: #ff0000;\">J&rsquo;ai besoin d&rsquo;aide tout de suite ! cliquez ici et appelez-moi au 06 75 55 38 88<\/span><\/em><\/a><\/h1>\n<p style=\"text-align: center;\">bonne visite.<\/p>\n<p style=\"text-align: right;\"><span style=\"color: #ff0000;\"><img loading=\"lazy\" class=\"alignnone  wp-image-208\" src=\"http:\/\/cspro.fr\/wp-content\/uploads\/2018\/09\/carte-assistante-informatique-300x192.png\" alt=\"\" width=\"384\" height=\"246\" srcset=\"https:\/\/cspro.fr\/wp-content\/uploads\/2018\/09\/carte-assistante-informatique-300x192.png 300w, https:\/\/cspro.fr\/wp-content\/uploads\/2018\/09\/carte-assistante-informatique.png 562w\" sizes=\"(max-width: 384px) 100vw, 384px\" \/><\/span><\/p>\n<h2 style=\"text-align: center;\"><a href=\"http:\/\/cspro.fr\/index.php\/aidez-moi\/\"><em><span style=\"color: #ff0000;\">J&rsquo;ai besoin d&rsquo;aide tout de suite ! 06 75 55 38 88<\/span><\/em><\/a><\/h2>\n<hr \/>\n<p style=\"text-align: center;\"><img loading=\"lazy\" class=\"size-medium wp-image-265 alignright\" src=\"http:\/\/cspro.fr\/wp-content\/uploads\/2018\/10\/flyer-assistante-num\u00e9rique2-207x300.png\" alt=\"\" width=\"207\" height=\"300\" srcset=\"https:\/\/cspro.fr\/wp-content\/uploads\/2018\/10\/flyer-assistante-num\u00e9rique2-207x300.png 207w, https:\/\/cspro.fr\/wp-content\/uploads\/2018\/10\/flyer-assistante-num\u00e9rique2.png 286w\" sizes=\"(max-width: 207px) 100vw, 207px\" \/><strong>Comment \u00e7a marche ?\u00a0<\/strong><\/p>\n<p style=\"text-align: center;\">Vous avez une question ou un probl\u00e8me, vous me contactez,\u00a0 je vous assiste et vous \u00eates r<strong>embours\u00e9 50 %<\/strong> du montant de la facture par un cr\u00e9dit d\u2019imp\u00f4ts ! n&rsquo;h\u00e9sitez<\/p>\n<p style=\"text-align: center;\">plus,<strong> contactez moi !<\/strong><\/p>\n<blockquote><p><span style=\"color: #ff6600;\"><em><span style=\"color: #003366;\">assistance informatique et internet \u00e0 domicile : 3 000 \u20ac \/ an<\/span><br \/>\n<strong>soit 1 500 \u20ac de rembours\u00e9 !<br \/>\n<\/strong><\/em><\/span><a href=\"https:\/\/www.impots.gouv.fr\/portail\/particulier\/questions\/jai-regle-une-facture-pour-un-depannage-informatique-mon-domicile-puis-je\">https:\/\/www.impots.gouv.fr\/portail\/particulier\u00a0\u00a0<\/a><br \/>\n<a href=\"https:\/\/www.impots.gouv.fr\/portail\/particulier\/emploi-domicile\">https:\/\/www.impots.gouv.fr\/portail\/particulier\/emploi-domicile<\/a><\/p><\/blockquote>\n<p><img loading=\"lazy\" class=\"size-medium wp-image-185 aligncenter\" src=\"http:\/\/cspro.fr\/wp-content\/uploads\/2018\/08\/Capture-300x217.png\" alt=\"\" width=\"300\" height=\"217\" srcset=\"https:\/\/cspro.fr\/wp-content\/uploads\/2018\/08\/Capture-300x217.png 300w, https:\/\/cspro.fr\/wp-content\/uploads\/2018\/08\/Capture.png 511w\" sizes=\"(max-width: 300px) 100vw, 300px\" \/><\/p>\n<hr \/>\n<h1><a title=\"Tablette Senior Facilotab\" href=\"https:\/\/www.facilotab.com\/boutique\/fr\/?s=CSPRO\">Facilotab, la tablette facile pour les Seniors <\/a><\/h1>\n<div class=\"row\">\n<div class=\"left-block col-xs-4 col-xs-5 col-md-4\">\n<div class=\"product-flags\">\n<p><a class=\"product_img_link\" href=\" https:\/\/www.facilotab.com\/boutique\/fr\/?s=CSPRO\"><img loading=\"lazy\" class=\"replace-2x img-responsive alignleft\" title=\"Tablette Senior Facilotab\" src=\"https:\/\/www.facilotab.com\/boutique\/img\/c\/12.jpg\" alt=\"Tablette Senior Facilotab\" width=\"250\" height=\"250\" \/><\/a>Une grande tablette tactile \u00e9quip\u00e9e d&rsquo;Android et du syst\u00e8me Facilotab. Un \u00e9cran simple et complet d\u00e8s le d\u00e9marrage de la tablette. Une <a href=\"https:\/\/www.facilotab.com\/boutique\/fr\/?s=CSPRO\">tablette senior<\/a> reconnue. Facilotab est destin\u00e9e \u00e0 toutes les personnes qui veulent une tablette r\u00e9ellement facile \u00e0 prendre en main. \u00c0 partir de <span id=\"prixAPartirFACILO\"><span class=\"normal\">265,00 \u20ac.<\/span><\/span><\/p>\n<\/div>\n<\/div>\n<\/div>\n<p><a href=\"https:\/\/www.facilotab.com\/boutique\/fr\/?s=CSPRO\">https:\/\/www.facilotab.com\/boutique\/fr\/?s=CSPRO<\/a><\/p>\n<hr \/>\n<p style=\"text-align: center;\">\n<p><img loading=\"lazy\" class=\"alignnone  wp-image-359\" src=\"http:\/\/cspro.fr\/wp-content\/uploads\/2018\/02\/anydesk.png\" alt=\"\" width=\"89\" height=\"89\" srcset=\"https:\/\/cspro.fr\/wp-content\/uploads\/2018\/02\/anydesk.png 225w, https:\/\/cspro.fr\/wp-content\/uploads\/2018\/02\/anydesk-150x150.png 150w\" sizes=\"(max-width: 89px) 100vw, 89px\" \/><\/p>\n<p><a href=\"https:\/\/anydesk.com\/fr\/downloads\/windows\">t\u00e9l\u00e9charger Anydesk<\/a><\/p>\n<p>enregistrez le puis ex\u00e9cutez le !<\/p>\n<p><strong>LANCEMENT DE\u00a0 Anydesk SANS INSTALLATION<\/strong><br \/>\nCliquer sur le lien suivant :<a href=\"https:\/\/anydesk.com\/fr\/downloads\/windows\">t\u00e9l\u00e9charger <\/a>Anydesk<br \/>\nPuis cliquer sur \u00ab\u00a0enregistrer\u00a0\u00bb<br \/>\nPuis aller dans le r\u00e9pertoir t\u00e9l\u00e9chargement ou vous trouvez votre fichier Anydesk<br \/>\nDouble cliquez dessus<br \/>\nPuis cliquer sur \u00ab\u00a0Ex\u00e9cuter\u00a0\u00bb<br \/>\nCocher l\u2019option \u00ab D\u00e9marrer \u00bb puis cliquer sur \u00ab Suivant \u00bb<br \/>\nCocher la case \u00ab J\u2019accepte les termes de la licence \u00bb puis \u00ab Suivant \u00bb<br \/>\nAppelez-moi pour me communiquer votre ID<br \/>\nJe peux ensuite prendre la main et vous pouvez voir mon intervention\u2026<\/p>\n<p style=\"text-align: center;\">@@@@@@@@@@@@<\/p>\n<p style=\"text-align: center;\">proc\u00e9der au r\u00e8glement ou faire un don<\/p>\n<p style=\"text-align: center;\"><a href=\"http:\/\/paypal.me\/cspro\" target=\"_blank\" rel=\"noopener\">cliquez ici<\/a><\/p>\n<p><a href=\"http:\/\/paypal.me\/cspro\" target=\"_blank\" rel=\"noopener\"><img loading=\"lazy\" class=\"aligncenter wp-image-128 size-full\" src=\"http:\/\/cspro.fr\/wp-content\/uploads\/2018\/03\/paypal.png\" alt=\"\" width=\"146\" height=\"60\" \/><\/a><\/p>\n","protected":false},"excerpt":{"rendered":"<p>Bienvenue sur le site CS PRO ! Vous trouverez ici les solutions \u00e0 vos probl\u00e8mes, vous pouvez soit me contacter et me poser directement votre question, soit demander une intervention \u00e0 distance sur rendez vous, soit demander \u00e0 la communaut\u00e9 de vous aidez en posant une question dans le forum, vous pouvez \u00e9galement, vous servir [&hellip;]<\/p>\n","protected":false},"author":1,"featured_media":0,"parent":0,"menu_order":0,"comment_status":"closed","ping_status":"closed","template":"","meta":[],"_links":{"self":[{"href":"https:\/\/cspro.fr\/index.php\/wp-json\/wp\/v2\/pages\/18"}],"collection":[{"href":"https:\/\/cspro.fr\/index.php\/wp-json\/wp\/v2\/pages"}],"about":[{"href":"https:\/\/cspro.fr\/index.php\/wp-json\/wp\/v2\/types\/page"}],"author":[{"embeddable":true,"href":"https:\/\/cspro.fr\/index.php\/wp-json\/wp\/v2\/users\/1"}],"replies":[{"embeddable":true,"href":"https:\/\/cspro.fr\/index.php\/wp-json\/wp\/v2\/comments?post=18"}],"version-history":[{"count":45,"href":"https:\/\/cspro.fr\/index.php\/wp-json\/wp\/v2\/pages\/18\/revisions"}],"predecessor-version":[{"id":391,"href":"https:\/\/cspro.fr\/index.php\/wp-json\/wp\/v2\/pages\/18\/revisions\/391"}],"wp:attachment":[{"href":"https:\/\/cspro.fr\/index.php\/wp-json\/wp\/v2\/media?parent=18"}],"curies":[{"name":"wp","href":"https:\/\/api.w.org\/{rel}","templated":true}]}}